{"id":47,"date":"2022-07-10T21:40:02","date_gmt":"2022-07-10T19:40:02","guid":{"rendered":"https:\/\/sp1.pinczow.edu.pl\/?page_id=47"},"modified":"2022-07-10T21:40:02","modified_gmt":"2022-07-10T19:40:02","slug":"strona-glowna","status":"publish","type":"page","link":"http:\/\/sp1.pinczow.edu.pl\/index.php\/strona-glowna\/","title":{"rendered":"Strona g\u0142\u00f3wna"},"content":{"rendered":"<p>[et_pb_section fb_built=&#8221;1&#8243; theme_builder_area=&#8221;post_content&#8221; _builder_version=&#8221;4.17.4&#8243; _module_preset=&#8221;default&#8221;][et_pb_row _builder_version=&#8221;4.17.4&#8243; _module_preset=&#8221;default&#8221; theme_builder_area=&#8221;post_content&#8221; hover_enabled=&#8221;0&#8243; sticky_enabled=&#8221;0&#8243;][et_pb_column _builder_version=&#8221;4.17.4&#8243; _module_preset=&#8221;default&#8221; type=&#8221;4_4&#8243; theme_builder_area=&#8221;post_content&#8221;][et_pb_text _builder_version=&#8221;4.17.4&#8243; _module_preset=&#8221;default&#8221; theme_builder_area=&#8221;post_content&#8221; quote_text_align=&#8221;justify&#8221; hover_enabled=&#8221;0&#8243; sticky_enabled=&#8221;0&#8243;]<\/p>\n<p>Szko\u0142a Podstawowa nr 1 jest najstarsz\u0105 plac\u00f3wk\u0105 o\u015bwiatow\u0105 w Pi\u0144czowie, si\u0119gaj\u0105c\u0105 swymi tradycjami po\u0142owy XV stulecia. W swych d\u0142ugich dziejach by\u0142a kolejno: szko\u0142\u0105 parafialn\u0105, elementarn\u0105, miejsk\u0105, powszechn\u0105 m\u0119sk\u0105 i \u017ce\u0144sk\u0105 oraz na ko\u0144cu podstawow\u0105.<\/p>\n<p>[\/et_pb_text][\/et_pb_column][\/et_pb_row][\/et_pb_section]<\/p>\n","protected":false},"excerpt":{"rendered":"<p>Szko\u0142a Podstawowa nr 1 jest najstarsz\u0105 plac\u00f3wk\u0105 o\u015bwiatow\u0105 w Pi\u0144czowie, si\u0119gaj\u0105c\u0105 swymi tradycjami po\u0142owy XV stulecia. W swych d\u0142ugich dziejach by\u0142a kolejno: szko\u0142\u0105 parafialn\u0105, elementarn\u0105, miejsk\u0105, powszechn\u0105 m\u0119sk\u0105 i \u017ce\u0144sk\u0105 oraz na ko\u0144cu podstawow\u0105.<\/p>\n","protected":false},"author":1,"featured_media":0,"parent":0,"menu_order":0,"comment_status":"closed","ping_status":"closed","template":"","meta":{"_et_pb_use_builder":"on","_et_pb_old_content":"","_et_gb_content_width":""},"_links":{"self":[{"href":"http:\/\/sp1.pinczow.edu.pl\/index.php\/wp-json\/wp\/v2\/pages\/47"}],"collection":[{"href":"http:\/\/sp1.pinczow.edu.pl\/index.php\/wp-json\/wp\/v2\/pages"}],"about":[{"href":"http:\/\/sp1.pinczow.edu.pl\/index.php\/wp-json\/wp\/v2\/types\/page"}],"author":[{"embeddable":true,"href":"http:\/\/sp1.pinczow.edu.pl\/index.php\/wp-json\/wp\/v2\/users\/1"}],"replies":[{"embeddable":true,"href":"http:\/\/sp1.pinczow.edu.pl\/index.php\/wp-json\/wp\/v2\/comments?post=47"}],"version-history":[{"count":2,"href":"http:\/\/sp1.pinczow.edu.pl\/index.php\/wp-json\/wp\/v2\/pages\/47\/revisions"}],"predecessor-version":[{"id":51,"href":"http:\/\/sp1.pinczow.edu.pl\/index.php\/wp-json\/wp\/v2\/pages\/47\/revisions\/51"}],"wp:attachment":[{"href":"http:\/\/sp1.pinczow.edu.pl\/index.php\/wp-json\/wp\/v2\/media?parent=47"}],"curies":[{"name":"wp","href":"https:\/\/api.w.org\/{rel}","templated":true}]}}